{"id":14944,"date":"2024-06-28T12:36:32","date_gmt":"2024-06-28T09:36:32","guid":{"rendered":"https:\/\/rentbikecrete.gr\/product\/circuit-des-2-gorges-en-e-mtb\/"},"modified":"2024-06-28T12:36:32","modified_gmt":"2024-06-28T09:36:32","slug":"circuit-des-2-gorges-en-e-mtb","status":"publish","type":"product","link":"https:\/\/rentbikecrete.gr\/fr\/produit\/circuit-des-2-gorges-en-e-mtb\/","title":{"rendered":"Circuit des 2 Gorges en E-MTB"},"content":{"rendered":"<p>L&rsquo;excursion commence \u00e0 notre station de v\u00e9los \u00e0 Malia, en passant par des maisons de bananes, le palais de Malia et des fermes d&rsquo;oliviers le long de la route jusqu&rsquo;au port de Sissi. Prochaine visite : le village de p\u00eacheurs de Milatos et la grotte histirique. Le village de montagne de Kounali est le dernier avant la gorge de Latsida avec ses falaises caract\u00e9ristiques. Arr\u00eat pour un caf\u00e9 au village de Vrahasi et retour par la gorge de Selinari o\u00f9 nous avons la possibilit\u00e9 d&rsquo;observer l&rsquo;activit\u00e9 des vautours.<\/p>\n<h3>Inclus dans le prix :<\/h3>\n<ul>\n<li>Cube 29er hardtail e-bike<\/li>\n<li>Guide<\/li>\n<li>Casque<\/li>\n<li>Caf\u00e9<\/li>\n<li>L&rsquo;eau<\/li>\n<li>Collation<\/li>\n<li>Tva 24%<\/li>\n<li>il est possible de passer \u00e0 un v\u00e9lo \u00e0 suspension totale pour 15 euros suppl\u00e9mentaires<\/li>\n<\/ul>\n<p>&nbsp;<\/p>\n<h3>Faits marquants :<\/h3>\n<ul>\n<li>  Gorges de Selinari<\/li>\n<li>  Gorges de Latsida<\/li>\n<li>  vues panoramiques<\/li>\n<li>  Observer les vautours<\/li>\n<\/ul>\n","protected":false},"excerpt":{"rendered":"<p>L&rsquo;excursion commence \u00e0 notre station de v\u00e9los \u00e0 Malia, en passant par des maisons de bananes, le palais de Malia et des fermes d&rsquo;oliviers le long de la route jusqu&rsquo;au port de Sissi. Prochaine visite : le village de p\u00eacheurs de Milatos et la grotte histirique. Le village de montagne de Kounali est le dernier&hellip;<\/p>\n","protected":false},"featured_media":14918,"template":"","meta":[],"product_brand":[],"product_cat":[952],"product_tag":[955,954,953],"class_list":{"0":"post-14944","1":"product","2":"type-product","3":"status-publish","4":"has-post-thumbnail","6":"product_cat-les-visites-guidees","7":"product_tag-guide","8":"product_tag-tournee","9":"product_tag-velo-electrique","10":"description-off","12":"first","13":"instock","14":"virtual","15":"purchasable","16":"product-type-simple"},"yoast_head":"<!-- This site is optimized with the Yoast SEO plugin v25.5 - https:\/\/yoast.com\/wordpress\/plugins\/seo\/ -->\n<title>Circuit des 2 Gorges en E-MTB - Location de v\u00e9los \u00e9lectriques depuis Stalis et Malia<\/title>\n<meta name=\"robots\" content=\"index, follow, max-snippet:-1, max-image-preview:large, max-video-preview:-1\" \/>\n<link rel=\"canonical\" href=\"https:\/\/rentbikecrete.gr\/fr\/produit\/circuit-des-2-gorges-en-e-mtb\/\" \/>\n<meta property=\"og:locale\" content=\"fr_FR\" \/>\n<meta property=\"og:type\" content=\"article\" \/>\n<meta property=\"og:title\" content=\"Circuit des 2 Gorges en E-MTB - Location de v\u00e9los \u00e9lectriques depuis Stalis et Malia\" \/>\n<meta property=\"og:description\" content=\"L&rsquo;excursion commence \u00e0 notre station de v\u00e9los \u00e0 Malia, en passant par des maisons de bananes, le palais de Malia et des fermes d&rsquo;oliviers le long de la route jusqu&rsquo;au port de Sissi. Prochaine visite : le village de p\u00eacheurs de Milatos et la grotte histirique. Le village de montagne de Kounali est le dernier&hellip;\" \/>\n<meta property=\"og:url\" content=\"https:\/\/rentbikecrete.gr\/fr\/produit\/circuit-des-2-gorges-en-e-mtb\/\" \/>\n<meta property=\"og:site_name\" content=\"Location de v\u00e9los \u00e9lectriques depuis Stalis et Malia\" \/>\n<meta property=\"article:publisher\" content=\"https:\/\/www.facebook.com\/travelincretecom\" \/>\n<meta property=\"og:image\" content=\"https:\/\/rentbikecrete.gr\/wp-content\/uploads\/2024\/06\/2_gorges_e_bike_tour_1.jpg\" \/>\n\t<meta property=\"og:image:width\" content=\"1080\" \/>\n\t<meta property=\"og:image:height\" content=\"525\" \/>\n\t<meta property=\"og:image:type\" content=\"image\/jpeg\" \/>\n<meta name=\"twitter:card\" content=\"summary_large_image\" \/>\n<meta name=\"twitter:label1\" content=\"Dur\u00e9e de lecture estim\u00e9e\" \/>\n\t<meta name=\"twitter:data1\" content=\"1 minute\" \/>\n<script type=\"application\/ld+json\" class=\"yoast-schema-graph\">{\"@context\":\"https:\/\/schema.org\",\"@graph\":[{\"@type\":\"WebPage\",\"@id\":\"https:\/\/rentbikecrete.gr\/fr\/produit\/circuit-des-2-gorges-en-e-mtb\/\",\"url\":\"https:\/\/rentbikecrete.gr\/fr\/produit\/circuit-des-2-gorges-en-e-mtb\/\",\"name\":\"Circuit des 2 Gorges en E-MTB - Location de v\u00e9los \u00e9lectriques depuis Stalis et Malia\",\"isPartOf\":{\"@id\":\"https:\/\/rentbikecrete.gr\/fr\/#website\"},\"primaryImageOfPage\":{\"@id\":\"https:\/\/rentbikecrete.gr\/fr\/produit\/circuit-des-2-gorges-en-e-mtb\/#primaryimage\"},\"image\":{\"@id\":\"https:\/\/rentbikecrete.gr\/fr\/produit\/circuit-des-2-gorges-en-e-mtb\/#primaryimage\"},\"thumbnailUrl\":\"https:\/\/rentbikecrete.gr\/wp-content\/uploads\/2024\/06\/2_gorges_e_bike_tour_1.jpg\",\"datePublished\":\"2024-06-28T09:36:32+00:00\",\"breadcrumb\":{\"@id\":\"https:\/\/rentbikecrete.gr\/fr\/produit\/circuit-des-2-gorges-en-e-mtb\/#breadcrumb\"},\"inLanguage\":\"fr-FR\",\"potentialAction\":[{\"@type\":\"ReadAction\",\"target\":[\"https:\/\/rentbikecrete.gr\/fr\/produit\/circuit-des-2-gorges-en-e-mtb\/\"]}]},{\"@type\":\"ImageObject\",\"inLanguage\":\"fr-FR\",\"@id\":\"https:\/\/rentbikecrete.gr\/fr\/produit\/circuit-des-2-gorges-en-e-mtb\/#primaryimage\",\"url\":\"https:\/\/rentbikecrete.gr\/wp-content\/uploads\/2024\/06\/2_gorges_e_bike_tour_1.jpg\",\"contentUrl\":\"https:\/\/rentbikecrete.gr\/wp-content\/uploads\/2024\/06\/2_gorges_e_bike_tour_1.jpg\",\"width\":1080,\"height\":525},{\"@type\":\"BreadcrumbList\",\"@id\":\"https:\/\/rentbikecrete.gr\/fr\/produit\/circuit-des-2-gorges-en-e-mtb\/#breadcrumb\",\"itemListElement\":[{\"@type\":\"ListItem\",\"position\":1,\"name\":\"Home\",\"item\":\"https:\/\/rentbikecrete.gr\/fr\/\"},{\"@type\":\"ListItem\",\"position\":2,\"name\":\"Boutique\",\"item\":\"https:\/\/rentbikecrete.gr\/fr\/boutique\/\"},{\"@type\":\"ListItem\",\"position\":3,\"name\":\"Circuit des 2 Gorges en E-MTB\"}]},{\"@type\":\"WebSite\",\"@id\":\"https:\/\/rentbikecrete.gr\/fr\/#website\",\"url\":\"https:\/\/rentbikecrete.gr\/fr\/\",\"name\":\"Rent Bike Crete\",\"description\":\"Location de v\u00e9los depuis Stalis et Malia\",\"publisher\":{\"@id\":\"https:\/\/rentbikecrete.gr\/fr\/#organization\"},\"alternateName\":\"Bicycle Rental Crete\",\"potentialAction\":[{\"@type\":\"SearchAction\",\"target\":{\"@type\":\"EntryPoint\",\"urlTemplate\":\"https:\/\/rentbikecrete.gr\/fr\/?s={search_term_string}\"},\"query-input\":{\"@type\":\"PropertyValueSpecification\",\"valueRequired\":true,\"valueName\":\"search_term_string\"}}],\"inLanguage\":\"fr-FR\"},{\"@type\":\"Organization\",\"@id\":\"https:\/\/rentbikecrete.gr\/fr\/#organization\",\"name\":\"Rent Bike Crete by Travel in Crete\",\"alternateName\":\"Travel in Crete\",\"url\":\"https:\/\/rentbikecrete.gr\/fr\/\",\"logo\":{\"@type\":\"ImageObject\",\"inLanguage\":\"fr-FR\",\"@id\":\"https:\/\/rentbikecrete.gr\/fr\/#\/schema\/logo\/image\/\",\"url\":\"https:\/\/rentbikecrete.gr\/wp-content\/uploads\/2024\/06\/rent-bike-crete-logo.png\",\"contentUrl\":\"https:\/\/rentbikecrete.gr\/wp-content\/uploads\/2024\/06\/rent-bike-crete-logo.png\",\"width\":359,\"height\":140,\"caption\":\"Rent Bike Crete by Travel in Crete\"},\"image\":{\"@id\":\"https:\/\/rentbikecrete.gr\/fr\/#\/schema\/logo\/image\/\"},\"sameAs\":[\"https:\/\/www.facebook.com\/travelincretecom\",\"https:\/\/www.tiktok.com\/@travelincrete.com\",\"https:\/\/www.instagram.com\/travelincrete.gr\"]}]}<\/script>\n<!-- \/ Yoast SEO plugin. -->","yoast_head_json":{"title":"Circuit des 2 Gorges en E-MTB - Location de v\u00e9los \u00e9lectriques depuis Stalis et Malia","robots":{"index":"index","follow":"follow","max-snippet":"max-snippet:-1","max-image-preview":"max-image-preview:large","max-video-preview":"max-video-preview:-1"},"canonical":"https:\/\/rentbikecrete.gr\/fr\/produit\/circuit-des-2-gorges-en-e-mtb\/","og_locale":"fr_FR","og_type":"article","og_title":"Circuit des 2 Gorges en E-MTB - Location de v\u00e9los \u00e9lectriques depuis Stalis et Malia","og_description":"L&rsquo;excursion commence \u00e0 notre station de v\u00e9los \u00e0 Malia, en passant par des maisons de bananes, le palais de Malia et des fermes d&rsquo;oliviers le long de la route jusqu&rsquo;au port de Sissi. Prochaine visite : le village de p\u00eacheurs de Milatos et la grotte histirique. Le village de montagne de Kounali est le dernier&hellip;","og_url":"https:\/\/rentbikecrete.gr\/fr\/produit\/circuit-des-2-gorges-en-e-mtb\/","og_site_name":"Location de v\u00e9los \u00e9lectriques depuis Stalis et Malia","article_publisher":"https:\/\/www.facebook.com\/travelincretecom","og_image":[{"width":1080,"height":525,"url":"https:\/\/rentbikecrete.gr\/wp-content\/uploads\/2024\/06\/2_gorges_e_bike_tour_1.jpg","type":"image\/jpeg"}],"twitter_card":"summary_large_image","twitter_misc":{"Dur\u00e9e de lecture estim\u00e9e":"1 minute"},"schema":{"@context":"https:\/\/schema.org","@graph":[{"@type":"WebPage","@id":"https:\/\/rentbikecrete.gr\/fr\/produit\/circuit-des-2-gorges-en-e-mtb\/","url":"https:\/\/rentbikecrete.gr\/fr\/produit\/circuit-des-2-gorges-en-e-mtb\/","name":"Circuit des 2 Gorges en E-MTB - Location de v\u00e9los \u00e9lectriques depuis Stalis et Malia","isPartOf":{"@id":"https:\/\/rentbikecrete.gr\/fr\/#website"},"primaryImageOfPage":{"@id":"https:\/\/rentbikecrete.gr\/fr\/produit\/circuit-des-2-gorges-en-e-mtb\/#primaryimage"},"image":{"@id":"https:\/\/rentbikecrete.gr\/fr\/produit\/circuit-des-2-gorges-en-e-mtb\/#primaryimage"},"thumbnailUrl":"https:\/\/rentbikecrete.gr\/wp-content\/uploads\/2024\/06\/2_gorges_e_bike_tour_1.jpg","datePublished":"2024-06-28T09:36:32+00:00","breadcrumb":{"@id":"https:\/\/rentbikecrete.gr\/fr\/produit\/circuit-des-2-gorges-en-e-mtb\/#breadcrumb"},"inLanguage":"fr-FR","potentialAction":[{"@type":"ReadAction","target":["https:\/\/rentbikecrete.gr\/fr\/produit\/circuit-des-2-gorges-en-e-mtb\/"]}]},{"@type":"ImageObject","inLanguage":"fr-FR","@id":"https:\/\/rentbikecrete.gr\/fr\/produit\/circuit-des-2-gorges-en-e-mtb\/#primaryimage","url":"https:\/\/rentbikecrete.gr\/wp-content\/uploads\/2024\/06\/2_gorges_e_bike_tour_1.jpg","contentUrl":"https:\/\/rentbikecrete.gr\/wp-content\/uploads\/2024\/06\/2_gorges_e_bike_tour_1.jpg","width":1080,"height":525},{"@type":"BreadcrumbList","@id":"https:\/\/rentbikecrete.gr\/fr\/produit\/circuit-des-2-gorges-en-e-mtb\/#breadcrumb","itemListElement":[{"@type":"ListItem","position":1,"name":"Home","item":"https:\/\/rentbikecrete.gr\/fr\/"},{"@type":"ListItem","position":2,"name":"Boutique","item":"https:\/\/rentbikecrete.gr\/fr\/boutique\/"},{"@type":"ListItem","position":3,"name":"Circuit des 2 Gorges en E-MTB"}]},{"@type":"WebSite","@id":"https:\/\/rentbikecrete.gr\/fr\/#website","url":"https:\/\/rentbikecrete.gr\/fr\/","name":"Rent Bike Crete","description":"Location de v\u00e9los depuis Stalis et Malia","publisher":{"@id":"https:\/\/rentbikecrete.gr\/fr\/#organization"},"alternateName":"Bicycle Rental Crete","potentialAction":[{"@type":"SearchAction","target":{"@type":"EntryPoint","urlTemplate":"https:\/\/rentbikecrete.gr\/fr\/?s={search_term_string}"},"query-input":{"@type":"PropertyValueSpecification","valueRequired":true,"valueName":"search_term_string"}}],"inLanguage":"fr-FR"},{"@type":"Organization","@id":"https:\/\/rentbikecrete.gr\/fr\/#organization","name":"Rent Bike Crete by Travel in Crete","alternateName":"Travel in Crete","url":"https:\/\/rentbikecrete.gr\/fr\/","logo":{"@type":"ImageObject","inLanguage":"fr-FR","@id":"https:\/\/rentbikecrete.gr\/fr\/#\/schema\/logo\/image\/","url":"https:\/\/rentbikecrete.gr\/wp-content\/uploads\/2024\/06\/rent-bike-crete-logo.png","contentUrl":"https:\/\/rentbikecrete.gr\/wp-content\/uploads\/2024\/06\/rent-bike-crete-logo.png","width":359,"height":140,"caption":"Rent Bike Crete by Travel in Crete"},"image":{"@id":"https:\/\/rentbikecrete.gr\/fr\/#\/schema\/logo\/image\/"},"sameAs":["https:\/\/www.facebook.com\/travelincretecom","https:\/\/www.tiktok.com\/@travelincrete.com","https:\/\/www.instagram.com\/travelincrete.gr"]}]}},"_links":{"self":[{"href":"https:\/\/rentbikecrete.gr\/fr\/wp-json\/wp\/v2\/product\/14944","targetHints":{"allow":["GET"]}}],"collection":[{"href":"https:\/\/rentbikecrete.gr\/fr\/wp-json\/wp\/v2\/product"}],"about":[{"href":"https:\/\/rentbikecrete.gr\/fr\/wp-json\/wp\/v2\/types\/product"}],"wp:featuredmedia":[{"embeddable":true,"href":"https:\/\/rentbikecrete.gr\/fr\/wp-json\/wp\/v2\/media\/14918"}],"wp:attachment":[{"href":"https:\/\/rentbikecrete.gr\/fr\/wp-json\/wp\/v2\/media?parent=14944"}],"wp:term":[{"taxonomy":"product_brand","embeddable":true,"href":"https:\/\/rentbikecrete.gr\/fr\/wp-json\/wp\/v2\/product_brand?post=14944"},{"taxonomy":"product_cat","embeddable":true,"href":"https:\/\/rentbikecrete.gr\/fr\/wp-json\/wp\/v2\/product_cat?post=14944"},{"taxonomy":"product_tag","embeddable":true,"href":"https:\/\/rentbikecrete.gr\/fr\/wp-json\/wp\/v2\/product_tag?post=14944"}],"curies":[{"name":"wp","href":"https:\/\/api.w.org\/{rel}","templated":true}]}}