{"id":14742,"date":"2024-06-08T10:35:57","date_gmt":"2024-06-08T07:35:57","guid":{"rendered":"https:\/\/rentbikecrete.gr\/product\/fat-bike-electrique\/"},"modified":"2025-04-16T09:19:03","modified_gmt":"2025-04-16T06:19:03","slug":"fat-bike-electrique","status":"publish","type":"product","link":"https:\/\/rentbikecrete.gr\/fr\/produit\/fat-bike-electrique\/","title":{"rendered":"Fat Bike \u00e9lectrique"},"content":{"rendered":"<p>Location \u00e0 la journ\u00e9e : 10:00 &#8211; 19:00<\/p>\n<p>Fat Bike \u00e9lectrique, moteur 1000w, batterie 17.2 ah<\/p>\n<p>&nbsp;<\/p>\n","protected":false},"excerpt":{"rendered":"<p><strong>P\u00e9riode de location de 1 \u00e0 2 jours pas de service de livraison<\/strong>, prise en charge et retour uniquement possible au bureau de Travel in Crete \u00e0 Malia<\/p>\n<p>Par p\u00e9riode de location de 3 jours ou plus, le v\u00e9lo sera livr\u00e9 \u00e0 l&rsquo;h\u00f4tel ou nous viendrons vous chercher \u00e0 votre h\u00f4tel et vous am\u00e8nerons \u00e0 notre bureau \u00e0 Malia o\u00f9 vous r\u00e9cup\u00e9rerez le v\u00e9lo, \u00e0 la date de retour, nous vous ram\u00e8nerons \u00e0 votre h\u00f4tel.<\/p>\n","protected":false},"featured_media":14667,"template":"","meta":[],"product_brand":[],"product_cat":[874,873,878],"product_tag":[],"class_list":{"0":"post-14742","1":"product","2":"type-product","3":"status-publish","4":"has-post-thumbnail","6":"product_cat-velo-electrique","7":"product_cat-velos-electriques","8":"product_cat-fat-bikes-fr","9":"description-off","11":"first","12":"instock","13":"shipping-taxable","14":"purchasable","15":"product-type-redq_rental"},"yoast_head":"<!-- This site is optimized with the Yoast SEO plugin v25.5 - https:\/\/yoast.com\/wordpress\/plugins\/seo\/ -->\n<title>Fat Bike \u00e9lectrique - Location de v\u00e9los \u00e9lectriques depuis Stalis et Malia<\/title>\n<meta name=\"description\" content=\"Louez un fat bike \u00e9lectrique \u00e0 Stalis et Malia d\u00e8s maintenant et explorez les magnifiques environs en toute simplicit\u00e9. Profitez des paysages et de l&#039;aventure sur deux roues.\" \/>\n<meta name=\"robots\" content=\"index, follow, max-snippet:-1, max-image-preview:large, max-video-preview:-1\" \/>\n<link rel=\"canonical\" href=\"https:\/\/rentbikecrete.gr\/fr\/produit\/fat-bike-electrique\/\" \/>\n<meta property=\"og:locale\" content=\"fr_FR\" \/>\n<meta property=\"og:type\" content=\"article\" \/>\n<meta property=\"og:title\" content=\"Fat Bike \u00e9lectrique - Location de v\u00e9los \u00e9lectriques depuis Stalis et Malia\" \/>\n<meta property=\"og:description\" content=\"Louez un fat bike \u00e9lectrique \u00e0 Stalis et Malia d\u00e8s maintenant et explorez les magnifiques environs en toute simplicit\u00e9. Profitez des paysages et de l&#039;aventure sur deux roues.\" \/>\n<meta property=\"og:url\" content=\"https:\/\/rentbikecrete.gr\/fr\/produit\/fat-bike-electrique\/\" \/>\n<meta property=\"og:site_name\" content=\"Location de v\u00e9los \u00e9lectriques depuis Stalis et Malia\" \/>\n<meta property=\"article:publisher\" content=\"https:\/\/www.facebook.com\/travelincretecom\" \/>\n<meta property=\"article:modified_time\" content=\"2025-04-16T06:19:03+00:00\" \/>\n<meta property=\"og:image\" content=\"https:\/\/rentbikecrete.gr\/wp-content\/uploads\/2024\/06\/fatbike.webp\" \/>\n\t<meta property=\"og:image:width\" content=\"800\" \/>\n\t<meta property=\"og:image:height\" content=\"600\" \/>\n\t<meta property=\"og:image:type\" content=\"image\/webp\" \/>\n<meta name=\"twitter:card\" content=\"summary_large_image\" \/>\n<meta name=\"twitter:label1\" content=\"Dur\u00e9e de lecture estim\u00e9e\" \/>\n\t<meta name=\"twitter:data1\" content=\"1 minute\" \/>\n<script type=\"application\/ld+json\" class=\"yoast-schema-graph\">{\"@context\":\"https:\/\/schema.org\",\"@graph\":[{\"@type\":\"WebPage\",\"@id\":\"https:\/\/rentbikecrete.gr\/fr\/produit\/fat-bike-electrique\/\",\"url\":\"https:\/\/rentbikecrete.gr\/fr\/produit\/fat-bike-electrique\/\",\"name\":\"Fat Bike \u00e9lectrique - Location de v\u00e9los \u00e9lectriques depuis Stalis et Malia\",\"isPartOf\":{\"@id\":\"https:\/\/rentbikecrete.gr\/fr\/#website\"},\"primaryImageOfPage\":{\"@id\":\"https:\/\/rentbikecrete.gr\/fr\/produit\/fat-bike-electrique\/#primaryimage\"},\"image\":{\"@id\":\"https:\/\/rentbikecrete.gr\/fr\/produit\/fat-bike-electrique\/#primaryimage\"},\"thumbnailUrl\":\"https:\/\/rentbikecrete.gr\/wp-content\/uploads\/2024\/06\/fatbike.webp\",\"datePublished\":\"2024-06-08T07:35:57+00:00\",\"dateModified\":\"2025-04-16T06:19:03+00:00\",\"description\":\"Louez un fat bike \u00e9lectrique \u00e0 Stalis et Malia d\u00e8s maintenant et explorez les magnifiques environs en toute simplicit\u00e9. Profitez des paysages et de l'aventure sur deux roues.\",\"breadcrumb\":{\"@id\":\"https:\/\/rentbikecrete.gr\/fr\/produit\/fat-bike-electrique\/#breadcrumb\"},\"inLanguage\":\"fr-FR\",\"potentialAction\":[{\"@type\":\"ReadAction\",\"target\":[\"https:\/\/rentbikecrete.gr\/fr\/produit\/fat-bike-electrique\/\"]}]},{\"@type\":\"ImageObject\",\"inLanguage\":\"fr-FR\",\"@id\":\"https:\/\/rentbikecrete.gr\/fr\/produit\/fat-bike-electrique\/#primaryimage\",\"url\":\"https:\/\/rentbikecrete.gr\/wp-content\/uploads\/2024\/06\/fatbike.webp\",\"contentUrl\":\"https:\/\/rentbikecrete.gr\/wp-content\/uploads\/2024\/06\/fatbike.webp\",\"width\":800,\"height\":600},{\"@type\":\"BreadcrumbList\",\"@id\":\"https:\/\/rentbikecrete.gr\/fr\/produit\/fat-bike-electrique\/#breadcrumb\",\"itemListElement\":[{\"@type\":\"ListItem\",\"position\":1,\"name\":\"Home\",\"item\":\"https:\/\/rentbikecrete.gr\/fr\/\"},{\"@type\":\"ListItem\",\"position\":2,\"name\":\"Boutique\",\"item\":\"https:\/\/rentbikecrete.gr\/fr\/boutique\/\"},{\"@type\":\"ListItem\",\"position\":3,\"name\":\"Fat Bike \u00e9lectrique\"}]},{\"@type\":\"WebSite\",\"@id\":\"https:\/\/rentbikecrete.gr\/fr\/#website\",\"url\":\"https:\/\/rentbikecrete.gr\/fr\/\",\"name\":\"Rent Bike Crete\",\"description\":\"Location de v\u00e9los depuis Stalis et Malia\",\"publisher\":{\"@id\":\"https:\/\/rentbikecrete.gr\/fr\/#organization\"},\"alternateName\":\"Bicycle Rental Crete\",\"potentialAction\":[{\"@type\":\"SearchAction\",\"target\":{\"@type\":\"EntryPoint\",\"urlTemplate\":\"https:\/\/rentbikecrete.gr\/fr\/?s={search_term_string}\"},\"query-input\":{\"@type\":\"PropertyValueSpecification\",\"valueRequired\":true,\"valueName\":\"search_term_string\"}}],\"inLanguage\":\"fr-FR\"},{\"@type\":\"Organization\",\"@id\":\"https:\/\/rentbikecrete.gr\/fr\/#organization\",\"name\":\"Rent Bike Crete by Travel in Crete\",\"alternateName\":\"Travel in Crete\",\"url\":\"https:\/\/rentbikecrete.gr\/fr\/\",\"logo\":{\"@type\":\"ImageObject\",\"inLanguage\":\"fr-FR\",\"@id\":\"https:\/\/rentbikecrete.gr\/fr\/#\/schema\/logo\/image\/\",\"url\":\"https:\/\/rentbikecrete.gr\/wp-content\/uploads\/2024\/06\/rent-bike-crete-logo.png\",\"contentUrl\":\"https:\/\/rentbikecrete.gr\/wp-content\/uploads\/2024\/06\/rent-bike-crete-logo.png\",\"width\":359,\"height\":140,\"caption\":\"Rent Bike Crete by Travel in Crete\"},\"image\":{\"@id\":\"https:\/\/rentbikecrete.gr\/fr\/#\/schema\/logo\/image\/\"},\"sameAs\":[\"https:\/\/www.facebook.com\/travelincretecom\",\"https:\/\/www.tiktok.com\/@travelincrete.com\",\"https:\/\/www.instagram.com\/travelincrete.gr\"]}]}<\/script>\n<!-- \/ Yoast SEO plugin. -->","yoast_head_json":{"title":"Fat Bike \u00e9lectrique - Location de v\u00e9los \u00e9lectriques depuis Stalis et Malia","description":"Louez un fat bike \u00e9lectrique \u00e0 Stalis et Malia d\u00e8s maintenant et explorez les magnifiques environs en toute simplicit\u00e9. Profitez des paysages et de l'aventure sur deux roues.","robots":{"index":"index","follow":"follow","max-snippet":"max-snippet:-1","max-image-preview":"max-image-preview:large","max-video-preview":"max-video-preview:-1"},"canonical":"https:\/\/rentbikecrete.gr\/fr\/produit\/fat-bike-electrique\/","og_locale":"fr_FR","og_type":"article","og_title":"Fat Bike \u00e9lectrique - Location de v\u00e9los \u00e9lectriques depuis Stalis et Malia","og_description":"Louez un fat bike \u00e9lectrique \u00e0 Stalis et Malia d\u00e8s maintenant et explorez les magnifiques environs en toute simplicit\u00e9. Profitez des paysages et de l'aventure sur deux roues.","og_url":"https:\/\/rentbikecrete.gr\/fr\/produit\/fat-bike-electrique\/","og_site_name":"Location de v\u00e9los \u00e9lectriques depuis Stalis et Malia","article_publisher":"https:\/\/www.facebook.com\/travelincretecom","article_modified_time":"2025-04-16T06:19:03+00:00","og_image":[{"width":800,"height":600,"url":"https:\/\/rentbikecrete.gr\/wp-content\/uploads\/2024\/06\/fatbike.webp","type":"image\/webp"}],"twitter_card":"summary_large_image","twitter_misc":{"Dur\u00e9e de lecture estim\u00e9e":"1 minute"},"schema":{"@context":"https:\/\/schema.org","@graph":[{"@type":"WebPage","@id":"https:\/\/rentbikecrete.gr\/fr\/produit\/fat-bike-electrique\/","url":"https:\/\/rentbikecrete.gr\/fr\/produit\/fat-bike-electrique\/","name":"Fat Bike \u00e9lectrique - Location de v\u00e9los \u00e9lectriques depuis Stalis et Malia","isPartOf":{"@id":"https:\/\/rentbikecrete.gr\/fr\/#website"},"primaryImageOfPage":{"@id":"https:\/\/rentbikecrete.gr\/fr\/produit\/fat-bike-electrique\/#primaryimage"},"image":{"@id":"https:\/\/rentbikecrete.gr\/fr\/produit\/fat-bike-electrique\/#primaryimage"},"thumbnailUrl":"https:\/\/rentbikecrete.gr\/wp-content\/uploads\/2024\/06\/fatbike.webp","datePublished":"2024-06-08T07:35:57+00:00","dateModified":"2025-04-16T06:19:03+00:00","description":"Louez un fat bike \u00e9lectrique \u00e0 Stalis et Malia d\u00e8s maintenant et explorez les magnifiques environs en toute simplicit\u00e9. Profitez des paysages et de l'aventure sur deux roues.","breadcrumb":{"@id":"https:\/\/rentbikecrete.gr\/fr\/produit\/fat-bike-electrique\/#breadcrumb"},"inLanguage":"fr-FR","potentialAction":[{"@type":"ReadAction","target":["https:\/\/rentbikecrete.gr\/fr\/produit\/fat-bike-electrique\/"]}]},{"@type":"ImageObject","inLanguage":"fr-FR","@id":"https:\/\/rentbikecrete.gr\/fr\/produit\/fat-bike-electrique\/#primaryimage","url":"https:\/\/rentbikecrete.gr\/wp-content\/uploads\/2024\/06\/fatbike.webp","contentUrl":"https:\/\/rentbikecrete.gr\/wp-content\/uploads\/2024\/06\/fatbike.webp","width":800,"height":600},{"@type":"BreadcrumbList","@id":"https:\/\/rentbikecrete.gr\/fr\/produit\/fat-bike-electrique\/#breadcrumb","itemListElement":[{"@type":"ListItem","position":1,"name":"Home","item":"https:\/\/rentbikecrete.gr\/fr\/"},{"@type":"ListItem","position":2,"name":"Boutique","item":"https:\/\/rentbikecrete.gr\/fr\/boutique\/"},{"@type":"ListItem","position":3,"name":"Fat Bike \u00e9lectrique"}]},{"@type":"WebSite","@id":"https:\/\/rentbikecrete.gr\/fr\/#website","url":"https:\/\/rentbikecrete.gr\/fr\/","name":"Rent Bike Crete","description":"Location de v\u00e9los depuis Stalis et Malia","publisher":{"@id":"https:\/\/rentbikecrete.gr\/fr\/#organization"},"alternateName":"Bicycle Rental Crete","potentialAction":[{"@type":"SearchAction","target":{"@type":"EntryPoint","urlTemplate":"https:\/\/rentbikecrete.gr\/fr\/?s={search_term_string}"},"query-input":{"@type":"PropertyValueSpecification","valueRequired":true,"valueName":"search_term_string"}}],"inLanguage":"fr-FR"},{"@type":"Organization","@id":"https:\/\/rentbikecrete.gr\/fr\/#organization","name":"Rent Bike Crete by Travel in Crete","alternateName":"Travel in Crete","url":"https:\/\/rentbikecrete.gr\/fr\/","logo":{"@type":"ImageObject","inLanguage":"fr-FR","@id":"https:\/\/rentbikecrete.gr\/fr\/#\/schema\/logo\/image\/","url":"https:\/\/rentbikecrete.gr\/wp-content\/uploads\/2024\/06\/rent-bike-crete-logo.png","contentUrl":"https:\/\/rentbikecrete.gr\/wp-content\/uploads\/2024\/06\/rent-bike-crete-logo.png","width":359,"height":140,"caption":"Rent Bike Crete by Travel in Crete"},"image":{"@id":"https:\/\/rentbikecrete.gr\/fr\/#\/schema\/logo\/image\/"},"sameAs":["https:\/\/www.facebook.com\/travelincretecom","https:\/\/www.tiktok.com\/@travelincrete.com","https:\/\/www.instagram.com\/travelincrete.gr"]}]}},"_links":{"self":[{"href":"https:\/\/rentbikecrete.gr\/fr\/wp-json\/wp\/v2\/product\/14742","targetHints":{"allow":["GET"]}}],"collection":[{"href":"https:\/\/rentbikecrete.gr\/fr\/wp-json\/wp\/v2\/product"}],"about":[{"href":"https:\/\/rentbikecrete.gr\/fr\/wp-json\/wp\/v2\/types\/product"}],"wp:featuredmedia":[{"embeddable":true,"href":"https:\/\/rentbikecrete.gr\/fr\/wp-json\/wp\/v2\/media\/14667"}],"wp:attachment":[{"href":"https:\/\/rentbikecrete.gr\/fr\/wp-json\/wp\/v2\/media?parent=14742"}],"wp:term":[{"taxonomy":"product_brand","embeddable":true,"href":"https:\/\/rentbikecrete.gr\/fr\/wp-json\/wp\/v2\/product_brand?post=14742"},{"taxonomy":"product_cat","embeddable":true,"href":"https:\/\/rentbikecrete.gr\/fr\/wp-json\/wp\/v2\/product_cat?post=14742"},{"taxonomy":"product_tag","embeddable":true,"href":"https:\/\/rentbikecrete.gr\/fr\/wp-json\/wp\/v2\/product_tag?post=14742"}],"curies":[{"name":"wp","href":"https:\/\/api.w.org\/{rel}","templated":true}]}}