{"id":14752,"date":"2024-06-08T17:35:12","date_gmt":"2024-06-08T14:35:12","guid":{"rendered":"https:\/\/rentbikecrete.gr\/localisation-des-sites\/"},"modified":"2024-06-17T11:47:33","modified_gmt":"2024-06-17T08:47:33","slug":"localisation-des-sites","status":"publish","type":"page","link":"https:\/\/rentbikecrete.gr\/fr\/localisation-des-sites\/","title":{"rendered":"Localisation des sites"},"content":{"rendered":"<div class=\"wpb-content-wrapper\"><p>[vc_row][vc_column][vc_text_separator title=\u00a0\u00bbH\u00f4tels \u00e0 Malia\u00a0\u00bb color=\u00a0\u00bbjuicy_pink\u00a0\u00bb css=\u00a0\u00bb\u00a0\u00bb][\/vc_column][\/vc_row][vc_row][vc_column][vc_wp_custommenu nav_menu=\u00a0\u00bb228&Prime;][\/vc_column][\/vc_row][vc_row][vc_column][vc_text_separator title=\u00a0\u00bbH\u00f4tels \u00e0 Stalis \/ Stalida\u00a0\u00bb color=\u00a0\u00bbjuicy_pink\u00a0\u00bb css=\u00a0\u00bb\u00a0\u00bb][vc_wp_custommenu nav_menu=\u00a0\u00bb302&Prime;][\/vc_column][\/vc_row]<\/p>\n<\/div>","protected":false},"excerpt":{"rendered":"<p>[vc_row][vc_column][vc_text_separator title=\u00a0\u00bbH\u00f4tels \u00e0 Malia\u00a0\u00bb color=\u00a0\u00bbjuicy_pink\u00a0\u00bb css=\u00a0\u00bb\u00a0\u00bb][\/vc_column][\/vc_row][vc_row][vc_column][vc_wp_custommenu nav_menu=\u00a0\u00bb228&Prime;][\/vc_column][\/vc_row][vc_row][vc_column][vc_text_separator title=\u00a0\u00bbH\u00f4tels \u00e0 Stalis \/ Stalida\u00a0\u00bb color=\u00a0\u00bbjuicy_pink\u00a0\u00bb css=\u00a0\u00bb\u00a0\u00bb][vc_wp_custommenu nav_menu=\u00a0\u00bb302&Prime;][\/vc_column][\/vc_row]<\/p>\n","protected":false},"author":1,"featured_media":0,"parent":0,"menu_order":0,"comment_status":"closed","ping_status":"closed","template":"","meta":{"footnotes":""},"class_list":["post-14752","page","type-page","status-publish","hentry","description-off"],"yoast_head":"<!-- This site is optimized with the Yoast SEO plugin v25.5 - https:\/\/yoast.com\/wordpress\/plugins\/seo\/ -->\n<title>Location de bicyclettes dans les h\u00f4tels de Malia et Stalis<\/title>\n<meta name=\"description\" content=\"Location de v\u00e9los \u00e9lectriques, de v\u00e9los lourds, de v\u00e9los de ville, de v\u00e9los de trekking, de v\u00e9los de montagne MTB dans les h\u00f4tels de Malia et de Stalis. R\u00e9servez votre v\u00e9lo d\u00e8s aujourd&#039;hui et explorez la r\u00e9gion sur deux roues.\" \/>\n<meta name=\"robots\" content=\"index, follow, max-snippet:-1, max-image-preview:large, max-video-preview:-1\" \/>\n<link rel=\"canonical\" href=\"https:\/\/rentbikecrete.gr\/fr\/localisation-des-sites\/\" \/>\n<meta property=\"og:locale\" content=\"fr_FR\" \/>\n<meta property=\"og:type\" content=\"article\" \/>\n<meta property=\"og:title\" content=\"Location de bicyclettes dans les h\u00f4tels de Malia et Stalis\" \/>\n<meta property=\"og:description\" content=\"Location de v\u00e9los \u00e9lectriques, de v\u00e9los lourds, de v\u00e9los de ville, de v\u00e9los de trekking, de v\u00e9los de montagne MTB dans les h\u00f4tels de Malia et de Stalis. R\u00e9servez votre v\u00e9lo d\u00e8s aujourd&#039;hui et explorez la r\u00e9gion sur deux roues.\" \/>\n<meta property=\"og:url\" content=\"https:\/\/rentbikecrete.gr\/fr\/localisation-des-sites\/\" \/>\n<meta property=\"og:site_name\" content=\"Location de v\u00e9los \u00e9lectriques depuis Stalis et Malia\" \/>\n<meta property=\"article:publisher\" content=\"https:\/\/www.facebook.com\/travelincretecom\" \/>\n<meta property=\"article:modified_time\" content=\"2024-06-17T08:47:33+00:00\" \/>\n<meta property=\"og:image\" content=\"https:\/\/rentbikecrete.gr\/wp-content\/uploads\/2024\/06\/rent-bike-crete-logo.png\" \/>\n\t<meta property=\"og:image:width\" content=\"359\" \/>\n\t<meta property=\"og:image:height\" content=\"140\" \/>\n\t<meta property=\"og:image:type\" content=\"image\/png\" \/>\n<meta name=\"twitter:card\" content=\"summary_large_image\" \/>\n<script type=\"application\/ld+json\" class=\"yoast-schema-graph\">{\"@context\":\"https:\/\/schema.org\",\"@graph\":[{\"@type\":\"WebPage\",\"@id\":\"https:\/\/rentbikecrete.gr\/fr\/localisation-des-sites\/\",\"url\":\"https:\/\/rentbikecrete.gr\/fr\/localisation-des-sites\/\",\"name\":\"Location de bicyclettes dans les h\u00f4tels de Malia et Stalis\",\"isPartOf\":{\"@id\":\"https:\/\/rentbikecrete.gr\/fr\/#website\"},\"datePublished\":\"2024-06-08T14:35:12+00:00\",\"dateModified\":\"2024-06-17T08:47:33+00:00\",\"description\":\"Location de v\u00e9los \u00e9lectriques, de v\u00e9los lourds, de v\u00e9los de ville, de v\u00e9los de trekking, de v\u00e9los de montagne MTB dans les h\u00f4tels de Malia et de Stalis. R\u00e9servez votre v\u00e9lo d\u00e8s aujourd'hui et explorez la r\u00e9gion sur deux roues.\",\"breadcrumb\":{\"@id\":\"https:\/\/rentbikecrete.gr\/fr\/localisation-des-sites\/#breadcrumb\"},\"inLanguage\":\"fr-FR\",\"potentialAction\":[{\"@type\":\"ReadAction\",\"target\":[\"https:\/\/rentbikecrete.gr\/fr\/localisation-des-sites\/\"]}]},{\"@type\":\"BreadcrumbList\",\"@id\":\"https:\/\/rentbikecrete.gr\/fr\/localisation-des-sites\/#breadcrumb\",\"itemListElement\":[{\"@type\":\"ListItem\",\"position\":1,\"name\":\"Home\",\"item\":\"https:\/\/rentbikecrete.gr\/fr\/\"},{\"@type\":\"ListItem\",\"position\":2,\"name\":\"Localisation des sites\"}]},{\"@type\":\"WebSite\",\"@id\":\"https:\/\/rentbikecrete.gr\/fr\/#website\",\"url\":\"https:\/\/rentbikecrete.gr\/fr\/\",\"name\":\"Rent Bike Crete\",\"description\":\"Location de v\u00e9los depuis Stalis et Malia\",\"publisher\":{\"@id\":\"https:\/\/rentbikecrete.gr\/fr\/#organization\"},\"alternateName\":\"Bicycle Rental Crete\",\"potentialAction\":[{\"@type\":\"SearchAction\",\"target\":{\"@type\":\"EntryPoint\",\"urlTemplate\":\"https:\/\/rentbikecrete.gr\/fr\/?s={search_term_string}\"},\"query-input\":{\"@type\":\"PropertyValueSpecification\",\"valueRequired\":true,\"valueName\":\"search_term_string\"}}],\"inLanguage\":\"fr-FR\"},{\"@type\":\"Organization\",\"@id\":\"https:\/\/rentbikecrete.gr\/fr\/#organization\",\"name\":\"Rent Bike Crete by Travel in Crete\",\"alternateName\":\"Travel in Crete\",\"url\":\"https:\/\/rentbikecrete.gr\/fr\/\",\"logo\":{\"@type\":\"ImageObject\",\"inLanguage\":\"fr-FR\",\"@id\":\"https:\/\/rentbikecrete.gr\/fr\/#\/schema\/logo\/image\/\",\"url\":\"https:\/\/rentbikecrete.gr\/wp-content\/uploads\/2024\/06\/rent-bike-crete-logo.png\",\"contentUrl\":\"https:\/\/rentbikecrete.gr\/wp-content\/uploads\/2024\/06\/rent-bike-crete-logo.png\",\"width\":359,\"height\":140,\"caption\":\"Rent Bike Crete by Travel in Crete\"},\"image\":{\"@id\":\"https:\/\/rentbikecrete.gr\/fr\/#\/schema\/logo\/image\/\"},\"sameAs\":[\"https:\/\/www.facebook.com\/travelincretecom\",\"https:\/\/www.tiktok.com\/@travelincrete.com\",\"https:\/\/www.instagram.com\/travelincrete.gr\"]}]}<\/script>\n<!-- \/ Yoast SEO plugin. -->","yoast_head_json":{"title":"Location de bicyclettes dans les h\u00f4tels de Malia et Stalis","description":"Location de v\u00e9los \u00e9lectriques, de v\u00e9los lourds, de v\u00e9los de ville, de v\u00e9los de trekking, de v\u00e9los de montagne MTB dans les h\u00f4tels de Malia et de Stalis. R\u00e9servez votre v\u00e9lo d\u00e8s aujourd'hui et explorez la r\u00e9gion sur deux roues.","robots":{"index":"index","follow":"follow","max-snippet":"max-snippet:-1","max-image-preview":"max-image-preview:large","max-video-preview":"max-video-preview:-1"},"canonical":"https:\/\/rentbikecrete.gr\/fr\/localisation-des-sites\/","og_locale":"fr_FR","og_type":"article","og_title":"Location de bicyclettes dans les h\u00f4tels de Malia et Stalis","og_description":"Location de v\u00e9los \u00e9lectriques, de v\u00e9los lourds, de v\u00e9los de ville, de v\u00e9los de trekking, de v\u00e9los de montagne MTB dans les h\u00f4tels de Malia et de Stalis. R\u00e9servez votre v\u00e9lo d\u00e8s aujourd'hui et explorez la r\u00e9gion sur deux roues.","og_url":"https:\/\/rentbikecrete.gr\/fr\/localisation-des-sites\/","og_site_name":"Location de v\u00e9los \u00e9lectriques depuis Stalis et Malia","article_publisher":"https:\/\/www.facebook.com\/travelincretecom","article_modified_time":"2024-06-17T08:47:33+00:00","og_image":[{"width":359,"height":140,"url":"https:\/\/rentbikecrete.gr\/wp-content\/uploads\/2024\/06\/rent-bike-crete-logo.png","type":"image\/png"}],"twitter_card":"summary_large_image","schema":{"@context":"https:\/\/schema.org","@graph":[{"@type":"WebPage","@id":"https:\/\/rentbikecrete.gr\/fr\/localisation-des-sites\/","url":"https:\/\/rentbikecrete.gr\/fr\/localisation-des-sites\/","name":"Location de bicyclettes dans les h\u00f4tels de Malia et Stalis","isPartOf":{"@id":"https:\/\/rentbikecrete.gr\/fr\/#website"},"datePublished":"2024-06-08T14:35:12+00:00","dateModified":"2024-06-17T08:47:33+00:00","description":"Location de v\u00e9los \u00e9lectriques, de v\u00e9los lourds, de v\u00e9los de ville, de v\u00e9los de trekking, de v\u00e9los de montagne MTB dans les h\u00f4tels de Malia et de Stalis. R\u00e9servez votre v\u00e9lo d\u00e8s aujourd'hui et explorez la r\u00e9gion sur deux roues.","breadcrumb":{"@id":"https:\/\/rentbikecrete.gr\/fr\/localisation-des-sites\/#breadcrumb"},"inLanguage":"fr-FR","potentialAction":[{"@type":"ReadAction","target":["https:\/\/rentbikecrete.gr\/fr\/localisation-des-sites\/"]}]},{"@type":"BreadcrumbList","@id":"https:\/\/rentbikecrete.gr\/fr\/localisation-des-sites\/#breadcrumb","itemListElement":[{"@type":"ListItem","position":1,"name":"Home","item":"https:\/\/rentbikecrete.gr\/fr\/"},{"@type":"ListItem","position":2,"name":"Localisation des sites"}]},{"@type":"WebSite","@id":"https:\/\/rentbikecrete.gr\/fr\/#website","url":"https:\/\/rentbikecrete.gr\/fr\/","name":"Rent Bike Crete","description":"Location de v\u00e9los depuis Stalis et Malia","publisher":{"@id":"https:\/\/rentbikecrete.gr\/fr\/#organization"},"alternateName":"Bicycle Rental Crete","potentialAction":[{"@type":"SearchAction","target":{"@type":"EntryPoint","urlTemplate":"https:\/\/rentbikecrete.gr\/fr\/?s={search_term_string}"},"query-input":{"@type":"PropertyValueSpecification","valueRequired":true,"valueName":"search_term_string"}}],"inLanguage":"fr-FR"},{"@type":"Organization","@id":"https:\/\/rentbikecrete.gr\/fr\/#organization","name":"Rent Bike Crete by Travel in Crete","alternateName":"Travel in Crete","url":"https:\/\/rentbikecrete.gr\/fr\/","logo":{"@type":"ImageObject","inLanguage":"fr-FR","@id":"https:\/\/rentbikecrete.gr\/fr\/#\/schema\/logo\/image\/","url":"https:\/\/rentbikecrete.gr\/wp-content\/uploads\/2024\/06\/rent-bike-crete-logo.png","contentUrl":"https:\/\/rentbikecrete.gr\/wp-content\/uploads\/2024\/06\/rent-bike-crete-logo.png","width":359,"height":140,"caption":"Rent Bike Crete by Travel in Crete"},"image":{"@id":"https:\/\/rentbikecrete.gr\/fr\/#\/schema\/logo\/image\/"},"sameAs":["https:\/\/www.facebook.com\/travelincretecom","https:\/\/www.tiktok.com\/@travelincrete.com","https:\/\/www.instagram.com\/travelincrete.gr"]}]}},"_links":{"self":[{"href":"https:\/\/rentbikecrete.gr\/fr\/wp-json\/wp\/v2\/pages\/14752","targetHints":{"allow":["GET"]}}],"collection":[{"href":"https:\/\/rentbikecrete.gr\/fr\/wp-json\/wp\/v2\/pages"}],"about":[{"href":"https:\/\/rentbikecrete.gr\/fr\/wp-json\/wp\/v2\/types\/page"}],"author":[{"embeddable":true,"href":"https:\/\/rentbikecrete.gr\/fr\/wp-json\/wp\/v2\/users\/1"}],"replies":[{"embeddable":true,"href":"https:\/\/rentbikecrete.gr\/fr\/wp-json\/wp\/v2\/comments?post=14752"}],"version-history":[{"count":2,"href":"https:\/\/rentbikecrete.gr\/fr\/wp-json\/wp\/v2\/pages\/14752\/revisions"}],"predecessor-version":[{"id":14754,"href":"https:\/\/rentbikecrete.gr\/fr\/wp-json\/wp\/v2\/pages\/14752\/revisions\/14754"}],"wp:attachment":[{"href":"https:\/\/rentbikecrete.gr\/fr\/wp-json\/wp\/v2\/media?parent=14752"}],"curies":[{"name":"wp","href":"https:\/\/api.w.org\/{rel}","templated":true}]}}