{"id":14943,"date":"2024-06-28T12:36:32","date_gmt":"2024-06-28T09:36:32","guid":{"rendered":"https:\/\/rentbikecrete.gr\/product\/2-schluchten-tour-mit-dem-e-mtb\/"},"modified":"2024-06-28T12:36:32","modified_gmt":"2024-06-28T09:36:32","slug":"2-schluchten-tour-mit-dem-e-mtb","status":"publish","type":"product","link":"https:\/\/rentbikecrete.gr\/de\/produkt\/2-schluchten-tour-mit-dem-e-mtb\/","title":{"rendered":"2 Schluchten Tour mit dem E-MTB"},"content":{"rendered":"<p>Die Tour beginnt an unserer Fahrradstation in Malia und f\u00fchrt vorbei an Bananenh\u00e4usern, dem Palast von Malia und Olivenfarmen zum Hafen von Sissi. Als n\u00e4chstes besuchen Sie das Fischerdorf Milatos und die histirische H\u00f6hle. Das Bergdorf Kounali ist das letzte Dorf vor der Latsida-Schlucht mit ihren charakteristischen Felsen. Wir halten f\u00fcr einen Kaffee im Dorf Vrahasi und kehren durch die Selinari-Schlucht zur\u00fcck, wo wir die Gelegenheit haben, die Geier zu beobachten.<\/p>\n<h3>Im Preis inbegriffen:<\/h3>\n<ul>\n<li>Cube 29er Hardtail E-Bike<\/li>\n<li>Leitfaden<\/li>\n<li>Helm<\/li>\n<li>Kaffee<\/li>\n<li>Wasser<\/li>\n<li>Imbiss<\/li>\n<li>MwSt. 24%<\/li>\n<li>es ist m\u00f6glich, gegen einen Aufpreis von 15 Euro auf ein vollgefedertes Fahrrad aufzur\u00fcsten<\/li>\n<\/ul>\n<p>&nbsp;<\/p>\n<h3>H\u00f6hepunkte:<\/h3>\n<ul>\n<li>  Selinari-Schlucht<\/li>\n<li>  Latsida-Schlucht<\/li>\n<li>  Panoramablicke<\/li>\n<li>  Geier beobachten<\/li>\n<\/ul>\n","protected":false},"excerpt":{"rendered":"<p>Die Tour beginnt an unserer Fahrradstation in Malia und f\u00fchrt vorbei an Bananenh\u00e4usern, dem Palast von Malia und Olivenfarmen zum Hafen von Sissi. Als n\u00e4chstes besuchen Sie das Fischerdorf Milatos und die histirische H\u00f6hle. Das Bergdorf Kounali ist das letzte Dorf vor der Latsida-Schlucht mit ihren charakteristischen Felsen. Wir halten f\u00fcr einen Kaffee im Dorf&hellip;<\/p>\n","protected":false},"featured_media":14919,"template":"","meta":[],"product_brand":[],"product_cat":[948],"product_tag":[949,951,950],"class_list":{"0":"post-14943","1":"product","2":"type-product","3":"status-publish","4":"has-post-thumbnail","6":"product_cat-touren","7":"product_tag-e-bike-de","8":"product_tag-gefuhrt","9":"product_tag-tour-de","10":"description-off","12":"first","13":"instock","14":"virtual","15":"purchasable","16":"product-type-simple"},"yoast_head":"<!-- This site is optimized with the Yoast SEO plugin v25.5 - https:\/\/yoast.com\/wordpress\/plugins\/seo\/ -->\n<title>2 Schluchten Tour mit dem E-MTB - Elektrofahrradverleih ab Stalis und Malia<\/title>\n<meta name=\"robots\" content=\"index, follow, max-snippet:-1, max-image-preview:large, max-video-preview:-1\" \/>\n<link rel=\"canonical\" href=\"https:\/\/rentbikecrete.gr\/de\/produkt\/2-schluchten-tour-mit-dem-e-mtb\/\" \/>\n<meta property=\"og:locale\" content=\"de_DE\" \/>\n<meta property=\"og:type\" content=\"article\" \/>\n<meta property=\"og:title\" content=\"2 Schluchten Tour mit dem E-MTB - Elektrofahrradverleih ab Stalis und Malia\" \/>\n<meta property=\"og:description\" content=\"Die Tour beginnt an unserer Fahrradstation in Malia und f\u00fchrt vorbei an Bananenh\u00e4usern, dem Palast von Malia und Olivenfarmen zum Hafen von Sissi. Als n\u00e4chstes besuchen Sie das Fischerdorf Milatos und die histirische H\u00f6hle. Das Bergdorf Kounali ist das letzte Dorf vor der Latsida-Schlucht mit ihren charakteristischen Felsen. Wir halten f\u00fcr einen Kaffee im Dorf&hellip;\" \/>\n<meta property=\"og:url\" content=\"https:\/\/rentbikecrete.gr\/de\/produkt\/2-schluchten-tour-mit-dem-e-mtb\/\" \/>\n<meta property=\"og:site_name\" content=\"Elektrofahrradverleih ab Stalis und Malia\" \/>\n<meta property=\"article:publisher\" content=\"https:\/\/www.facebook.com\/travelincretecom\" \/>\n<meta property=\"og:image\" content=\"https:\/\/rentbikecrete.gr\/wp-content\/uploads\/2024\/06\/2_gorges_e_bike_tour_1.jpg\" \/>\n\t<meta property=\"og:image:width\" content=\"1080\" \/>\n\t<meta property=\"og:image:height\" content=\"525\" \/>\n\t<meta property=\"og:image:type\" content=\"image\/jpeg\" \/>\n<meta name=\"twitter:card\" content=\"summary_large_image\" \/>\n<meta name=\"twitter:label1\" content=\"Gesch\u00e4tzte Lesezeit\" \/>\n\t<meta name=\"twitter:data1\" content=\"1\u00a0Minute\" \/>\n<script type=\"application\/ld+json\" class=\"yoast-schema-graph\">{\"@context\":\"https:\/\/schema.org\",\"@graph\":[{\"@type\":\"WebPage\",\"@id\":\"https:\/\/rentbikecrete.gr\/de\/produkt\/2-schluchten-tour-mit-dem-e-mtb\/\",\"url\":\"https:\/\/rentbikecrete.gr\/de\/produkt\/2-schluchten-tour-mit-dem-e-mtb\/\",\"name\":\"2 Schluchten Tour mit dem E-MTB - Elektrofahrradverleih ab Stalis und Malia\",\"isPartOf\":{\"@id\":\"https:\/\/rentbikecrete.gr\/de\/#website\"},\"primaryImageOfPage\":{\"@id\":\"https:\/\/rentbikecrete.gr\/de\/produkt\/2-schluchten-tour-mit-dem-e-mtb\/#primaryimage\"},\"image\":{\"@id\":\"https:\/\/rentbikecrete.gr\/de\/produkt\/2-schluchten-tour-mit-dem-e-mtb\/#primaryimage\"},\"thumbnailUrl\":\"https:\/\/rentbikecrete.gr\/wp-content\/uploads\/2024\/06\/2_gorges_e_bike_tour_1.jpg\",\"datePublished\":\"2024-06-28T09:36:32+00:00\",\"breadcrumb\":{\"@id\":\"https:\/\/rentbikecrete.gr\/de\/produkt\/2-schluchten-tour-mit-dem-e-mtb\/#breadcrumb\"},\"inLanguage\":\"de\",\"potentialAction\":[{\"@type\":\"ReadAction\",\"target\":[\"https:\/\/rentbikecrete.gr\/de\/produkt\/2-schluchten-tour-mit-dem-e-mtb\/\"]}]},{\"@type\":\"ImageObject\",\"inLanguage\":\"de\",\"@id\":\"https:\/\/rentbikecrete.gr\/de\/produkt\/2-schluchten-tour-mit-dem-e-mtb\/#primaryimage\",\"url\":\"https:\/\/rentbikecrete.gr\/wp-content\/uploads\/2024\/06\/2_gorges_e_bike_tour_1.jpg\",\"contentUrl\":\"https:\/\/rentbikecrete.gr\/wp-content\/uploads\/2024\/06\/2_gorges_e_bike_tour_1.jpg\",\"width\":1080,\"height\":525},{\"@type\":\"BreadcrumbList\",\"@id\":\"https:\/\/rentbikecrete.gr\/de\/produkt\/2-schluchten-tour-mit-dem-e-mtb\/#breadcrumb\",\"itemListElement\":[{\"@type\":\"ListItem\",\"position\":1,\"name\":\"Home\",\"item\":\"https:\/\/rentbikecrete.gr\/de\/\"},{\"@type\":\"ListItem\",\"position\":2,\"name\":\"Shop\",\"item\":\"https:\/\/rentbikecrete.gr\/de\/shop\/\"},{\"@type\":\"ListItem\",\"position\":3,\"name\":\"2 Schluchten Tour mit dem E-MTB\"}]},{\"@type\":\"WebSite\",\"@id\":\"https:\/\/rentbikecrete.gr\/de\/#website\",\"url\":\"https:\/\/rentbikecrete.gr\/de\/\",\"name\":\"Rent Bike Crete\",\"description\":\"Fahrradverleih ab Stalis und Malia\",\"publisher\":{\"@id\":\"https:\/\/rentbikecrete.gr\/de\/#organization\"},\"alternateName\":\"Bicycle Rental Crete\",\"potentialAction\":[{\"@type\":\"SearchAction\",\"target\":{\"@type\":\"EntryPoint\",\"urlTemplate\":\"https:\/\/rentbikecrete.gr\/de\/?s={search_term_string}\"},\"query-input\":{\"@type\":\"PropertyValueSpecification\",\"valueRequired\":true,\"valueName\":\"search_term_string\"}}],\"inLanguage\":\"de\"},{\"@type\":\"Organization\",\"@id\":\"https:\/\/rentbikecrete.gr\/de\/#organization\",\"name\":\"Rent Bike Crete by Travel in Crete\",\"alternateName\":\"Travel in Crete\",\"url\":\"https:\/\/rentbikecrete.gr\/de\/\",\"logo\":{\"@type\":\"ImageObject\",\"inLanguage\":\"de\",\"@id\":\"https:\/\/rentbikecrete.gr\/de\/#\/schema\/logo\/image\/\",\"url\":\"https:\/\/rentbikecrete.gr\/wp-content\/uploads\/2024\/06\/rent-bike-crete-logo.png\",\"contentUrl\":\"https:\/\/rentbikecrete.gr\/wp-content\/uploads\/2024\/06\/rent-bike-crete-logo.png\",\"width\":359,\"height\":140,\"caption\":\"Rent Bike Crete by Travel in Crete\"},\"image\":{\"@id\":\"https:\/\/rentbikecrete.gr\/de\/#\/schema\/logo\/image\/\"},\"sameAs\":[\"https:\/\/www.facebook.com\/travelincretecom\",\"https:\/\/www.tiktok.com\/@travelincrete.com\",\"https:\/\/www.instagram.com\/travelincrete.gr\"]}]}<\/script>\n<!-- \/ Yoast SEO plugin. -->","yoast_head_json":{"title":"2 Schluchten Tour mit dem E-MTB - Elektrofahrradverleih ab Stalis und Malia","robots":{"index":"index","follow":"follow","max-snippet":"max-snippet:-1","max-image-preview":"max-image-preview:large","max-video-preview":"max-video-preview:-1"},"canonical":"https:\/\/rentbikecrete.gr\/de\/produkt\/2-schluchten-tour-mit-dem-e-mtb\/","og_locale":"de_DE","og_type":"article","og_title":"2 Schluchten Tour mit dem E-MTB - Elektrofahrradverleih ab Stalis und Malia","og_description":"Die Tour beginnt an unserer Fahrradstation in Malia und f\u00fchrt vorbei an Bananenh\u00e4usern, dem Palast von Malia und Olivenfarmen zum Hafen von Sissi. Als n\u00e4chstes besuchen Sie das Fischerdorf Milatos und die histirische H\u00f6hle. Das Bergdorf Kounali ist das letzte Dorf vor der Latsida-Schlucht mit ihren charakteristischen Felsen. Wir halten f\u00fcr einen Kaffee im Dorf&hellip;","og_url":"https:\/\/rentbikecrete.gr\/de\/produkt\/2-schluchten-tour-mit-dem-e-mtb\/","og_site_name":"Elektrofahrradverleih ab Stalis und Malia","article_publisher":"https:\/\/www.facebook.com\/travelincretecom","og_image":[{"width":1080,"height":525,"url":"https:\/\/rentbikecrete.gr\/wp-content\/uploads\/2024\/06\/2_gorges_e_bike_tour_1.jpg","type":"image\/jpeg"}],"twitter_card":"summary_large_image","twitter_misc":{"Gesch\u00e4tzte Lesezeit":"1\u00a0Minute"},"schema":{"@context":"https:\/\/schema.org","@graph":[{"@type":"WebPage","@id":"https:\/\/rentbikecrete.gr\/de\/produkt\/2-schluchten-tour-mit-dem-e-mtb\/","url":"https:\/\/rentbikecrete.gr\/de\/produkt\/2-schluchten-tour-mit-dem-e-mtb\/","name":"2 Schluchten Tour mit dem E-MTB - Elektrofahrradverleih ab Stalis und Malia","isPartOf":{"@id":"https:\/\/rentbikecrete.gr\/de\/#website"},"primaryImageOfPage":{"@id":"https:\/\/rentbikecrete.gr\/de\/produkt\/2-schluchten-tour-mit-dem-e-mtb\/#primaryimage"},"image":{"@id":"https:\/\/rentbikecrete.gr\/de\/produkt\/2-schluchten-tour-mit-dem-e-mtb\/#primaryimage"},"thumbnailUrl":"https:\/\/rentbikecrete.gr\/wp-content\/uploads\/2024\/06\/2_gorges_e_bike_tour_1.jpg","datePublished":"2024-06-28T09:36:32+00:00","breadcrumb":{"@id":"https:\/\/rentbikecrete.gr\/de\/produkt\/2-schluchten-tour-mit-dem-e-mtb\/#breadcrumb"},"inLanguage":"de","potentialAction":[{"@type":"ReadAction","target":["https:\/\/rentbikecrete.gr\/de\/produkt\/2-schluchten-tour-mit-dem-e-mtb\/"]}]},{"@type":"ImageObject","inLanguage":"de","@id":"https:\/\/rentbikecrete.gr\/de\/produkt\/2-schluchten-tour-mit-dem-e-mtb\/#primaryimage","url":"https:\/\/rentbikecrete.gr\/wp-content\/uploads\/2024\/06\/2_gorges_e_bike_tour_1.jpg","contentUrl":"https:\/\/rentbikecrete.gr\/wp-content\/uploads\/2024\/06\/2_gorges_e_bike_tour_1.jpg","width":1080,"height":525},{"@type":"BreadcrumbList","@id":"https:\/\/rentbikecrete.gr\/de\/produkt\/2-schluchten-tour-mit-dem-e-mtb\/#breadcrumb","itemListElement":[{"@type":"ListItem","position":1,"name":"Home","item":"https:\/\/rentbikecrete.gr\/de\/"},{"@type":"ListItem","position":2,"name":"Shop","item":"https:\/\/rentbikecrete.gr\/de\/shop\/"},{"@type":"ListItem","position":3,"name":"2 Schluchten Tour mit dem E-MTB"}]},{"@type":"WebSite","@id":"https:\/\/rentbikecrete.gr\/de\/#website","url":"https:\/\/rentbikecrete.gr\/de\/","name":"Rent Bike Crete","description":"Fahrradverleih ab Stalis und Malia","publisher":{"@id":"https:\/\/rentbikecrete.gr\/de\/#organization"},"alternateName":"Bicycle Rental Crete","potentialAction":[{"@type":"SearchAction","target":{"@type":"EntryPoint","urlTemplate":"https:\/\/rentbikecrete.gr\/de\/?s={search_term_string}"},"query-input":{"@type":"PropertyValueSpecification","valueRequired":true,"valueName":"search_term_string"}}],"inLanguage":"de"},{"@type":"Organization","@id":"https:\/\/rentbikecrete.gr\/de\/#organization","name":"Rent Bike Crete by Travel in Crete","alternateName":"Travel in Crete","url":"https:\/\/rentbikecrete.gr\/de\/","logo":{"@type":"ImageObject","inLanguage":"de","@id":"https:\/\/rentbikecrete.gr\/de\/#\/schema\/logo\/image\/","url":"https:\/\/rentbikecrete.gr\/wp-content\/uploads\/2024\/06\/rent-bike-crete-logo.png","contentUrl":"https:\/\/rentbikecrete.gr\/wp-content\/uploads\/2024\/06\/rent-bike-crete-logo.png","width":359,"height":140,"caption":"Rent Bike Crete by Travel in Crete"},"image":{"@id":"https:\/\/rentbikecrete.gr\/de\/#\/schema\/logo\/image\/"},"sameAs":["https:\/\/www.facebook.com\/travelincretecom","https:\/\/www.tiktok.com\/@travelincrete.com","https:\/\/www.instagram.com\/travelincrete.gr"]}]}},"_links":{"self":[{"href":"https:\/\/rentbikecrete.gr\/de\/wp-json\/wp\/v2\/product\/14943","targetHints":{"allow":["GET"]}}],"collection":[{"href":"https:\/\/rentbikecrete.gr\/de\/wp-json\/wp\/v2\/product"}],"about":[{"href":"https:\/\/rentbikecrete.gr\/de\/wp-json\/wp\/v2\/types\/product"}],"wp:featuredmedia":[{"embeddable":true,"href":"https:\/\/rentbikecrete.gr\/de\/wp-json\/wp\/v2\/media\/14919"}],"wp:attachment":[{"href":"https:\/\/rentbikecrete.gr\/de\/wp-json\/wp\/v2\/media?parent=14943"}],"wp:term":[{"taxonomy":"product_brand","embeddable":true,"href":"https:\/\/rentbikecrete.gr\/de\/wp-json\/wp\/v2\/product_brand?post=14943"},{"taxonomy":"product_cat","embeddable":true,"href":"https:\/\/rentbikecrete.gr\/de\/wp-json\/wp\/v2\/product_cat?post=14943"},{"taxonomy":"product_tag","embeddable":true,"href":"https:\/\/rentbikecrete.gr\/de\/wp-json\/wp\/v2\/product_tag?post=14943"}],"curies":[{"name":"wp","href":"https:\/\/api.w.org\/{rel}","templated":true}]}}