{"id":14942,"date":"2024-06-26T12:29:32","date_gmt":"2024-06-26T09:29:32","guid":{"rendered":"https:\/\/rentbikecrete.gr\/product\/rennrad-cube-attain\/"},"modified":"2024-06-26T12:29:32","modified_gmt":"2024-06-26T09:29:32","slug":"rennrad-cube-attain","status":"publish","type":"product","link":"https:\/\/rentbikecrete.gr\/de\/produkt\/rennrad-cube-attain\/","title":{"rendered":"Rennrad Cube Attain"},"content":{"rendered":"<p>Der Aluminiumrahmen und die Vollcarbongabel bieten Ihnen genau das richtige Ma\u00df an Tempo und Komfort, damit Sie so lange wie m\u00f6glich in Bestform fahren k\u00f6nnen. Schaltung Shimano 105, Shimano 105 Scheibenbremsen, 28 oder 32 mm Reifen. Kurbelgarnitur 34-50t, Kassette 11-34t<\/p>\n","protected":false},"excerpt":{"rendered":"<p>Der Aluminiumrahmen und die Vollcarbongabel bieten Ihnen genau das richtige Ma\u00df an Tempo und Komfort, damit Sie so lange wie m\u00f6glich in Bestform fahren k\u00f6nnen. Schaltung Shimano 105, Shimano 105 Scheibenbremsen, 28 oder 32 mm Reifen. Kurbelgarnitur 34-50t, Kassette 11-34t<\/p>\n","protected":false},"featured_media":14812,"template":"","meta":[],"product_brand":[],"product_cat":[860,937],"product_tag":[932,934],"class_list":{"0":"post-14942","1":"product","2":"type-product","3":"status-publish","4":"has-post-thumbnail","6":"product_cat-fahrradverleih","7":"product_cat-rennrad","8":"product_tag-cube-de","9":"product_tag-road-bike-de","10":"description-off","12":"first","13":"instock","14":"shipping-taxable","15":"product-type-redq_rental"},"yoast_head":"<!-- This site is optimized with the Yoast SEO plugin v25.5 - https:\/\/yoast.com\/wordpress\/plugins\/seo\/ -->\n<title>Rennradverleih von Malia und Stalis - Cube Attain - jetzt buchen<\/title>\n<meta name=\"robots\" content=\"index, follow, max-snippet:-1, max-image-preview:large, max-video-preview:-1\" \/>\n<link rel=\"canonical\" href=\"https:\/\/rentbikecrete.gr\/de\/produkt\/rennrad-cube-attain\/\" \/>\n<meta property=\"og:locale\" content=\"de_DE\" \/>\n<meta property=\"og:type\" content=\"article\" \/>\n<meta property=\"og:title\" content=\"Rennradverleih von Malia und Stalis - Cube Attain - jetzt buchen\" \/>\n<meta property=\"og:description\" content=\"Der Aluminiumrahmen und die Vollcarbongabel bieten Ihnen genau das richtige Ma\u00df an Tempo und Komfort, damit Sie so lange wie m\u00f6glich in Bestform fahren k\u00f6nnen. Schaltung Shimano 105, Shimano 105 Scheibenbremsen, 28 oder 32 mm Reifen. Kurbelgarnitur 34-50t, Kassette 11-34t\" \/>\n<meta property=\"og:url\" content=\"https:\/\/rentbikecrete.gr\/de\/produkt\/rennrad-cube-attain\/\" \/>\n<meta property=\"og:site_name\" content=\"Elektrofahrradverleih ab Stalis und Malia\" \/>\n<meta property=\"article:publisher\" content=\"https:\/\/www.facebook.com\/travelincretecom\" \/>\n<meta property=\"og:image\" content=\"https:\/\/rentbikecrete.gr\/wp-content\/uploads\/2024\/06\/cube_attain_slx.jpg\" \/>\n\t<meta property=\"og:image:width\" content=\"1920\" \/>\n\t<meta property=\"og:image:height\" content=\"1181\" \/>\n\t<meta property=\"og:image:type\" content=\"image\/jpeg\" \/>\n<meta name=\"twitter:card\" content=\"summary_large_image\" \/>\n<script type=\"application\/ld+json\" class=\"yoast-schema-graph\">{\"@context\":\"https:\/\/schema.org\",\"@graph\":[{\"@type\":\"WebPage\",\"@id\":\"https:\/\/rentbikecrete.gr\/de\/produkt\/rennrad-cube-attain\/\",\"url\":\"https:\/\/rentbikecrete.gr\/de\/produkt\/rennrad-cube-attain\/\",\"name\":\"Rennradverleih von Malia und Stalis - Cube Attain - jetzt buchen\",\"isPartOf\":{\"@id\":\"https:\/\/rentbikecrete.gr\/de\/#website\"},\"primaryImageOfPage\":{\"@id\":\"https:\/\/rentbikecrete.gr\/de\/produkt\/rennrad-cube-attain\/#primaryimage\"},\"image\":{\"@id\":\"https:\/\/rentbikecrete.gr\/de\/produkt\/rennrad-cube-attain\/#primaryimage\"},\"thumbnailUrl\":\"https:\/\/rentbikecrete.gr\/wp-content\/uploads\/2024\/06\/cube_attain_slx.jpg\",\"datePublished\":\"2024-06-26T09:29:32+00:00\",\"breadcrumb\":{\"@id\":\"https:\/\/rentbikecrete.gr\/de\/produkt\/rennrad-cube-attain\/#breadcrumb\"},\"inLanguage\":\"de\",\"potentialAction\":[{\"@type\":\"ReadAction\",\"target\":[\"https:\/\/rentbikecrete.gr\/de\/produkt\/rennrad-cube-attain\/\"]}]},{\"@type\":\"ImageObject\",\"inLanguage\":\"de\",\"@id\":\"https:\/\/rentbikecrete.gr\/de\/produkt\/rennrad-cube-attain\/#primaryimage\",\"url\":\"https:\/\/rentbikecrete.gr\/wp-content\/uploads\/2024\/06\/cube_attain_slx.jpg\",\"contentUrl\":\"https:\/\/rentbikecrete.gr\/wp-content\/uploads\/2024\/06\/cube_attain_slx.jpg\",\"width\":1920,\"height\":1181},{\"@type\":\"BreadcrumbList\",\"@id\":\"https:\/\/rentbikecrete.gr\/de\/produkt\/rennrad-cube-attain\/#breadcrumb\",\"itemListElement\":[{\"@type\":\"ListItem\",\"position\":1,\"name\":\"Home\",\"item\":\"https:\/\/rentbikecrete.gr\/de\/\"},{\"@type\":\"ListItem\",\"position\":2,\"name\":\"Shop\",\"item\":\"https:\/\/rentbikecrete.gr\/de\/shop\/\"},{\"@type\":\"ListItem\",\"position\":3,\"name\":\"Rennrad Cube Attain\"}]},{\"@type\":\"WebSite\",\"@id\":\"https:\/\/rentbikecrete.gr\/de\/#website\",\"url\":\"https:\/\/rentbikecrete.gr\/de\/\",\"name\":\"Rent Bike Crete\",\"description\":\"Fahrradverleih ab Stalis und Malia\",\"publisher\":{\"@id\":\"https:\/\/rentbikecrete.gr\/de\/#organization\"},\"alternateName\":\"Bicycle Rental Crete\",\"potentialAction\":[{\"@type\":\"SearchAction\",\"target\":{\"@type\":\"EntryPoint\",\"urlTemplate\":\"https:\/\/rentbikecrete.gr\/de\/?s={search_term_string}\"},\"query-input\":{\"@type\":\"PropertyValueSpecification\",\"valueRequired\":true,\"valueName\":\"search_term_string\"}}],\"inLanguage\":\"de\"},{\"@type\":\"Organization\",\"@id\":\"https:\/\/rentbikecrete.gr\/de\/#organization\",\"name\":\"Rent Bike Crete by Travel in Crete\",\"alternateName\":\"Travel in Crete\",\"url\":\"https:\/\/rentbikecrete.gr\/de\/\",\"logo\":{\"@type\":\"ImageObject\",\"inLanguage\":\"de\",\"@id\":\"https:\/\/rentbikecrete.gr\/de\/#\/schema\/logo\/image\/\",\"url\":\"https:\/\/rentbikecrete.gr\/wp-content\/uploads\/2024\/06\/rent-bike-crete-logo.png\",\"contentUrl\":\"https:\/\/rentbikecrete.gr\/wp-content\/uploads\/2024\/06\/rent-bike-crete-logo.png\",\"width\":359,\"height\":140,\"caption\":\"Rent Bike Crete by Travel in Crete\"},\"image\":{\"@id\":\"https:\/\/rentbikecrete.gr\/de\/#\/schema\/logo\/image\/\"},\"sameAs\":[\"https:\/\/www.facebook.com\/travelincretecom\",\"https:\/\/www.tiktok.com\/@travelincrete.com\",\"https:\/\/www.instagram.com\/travelincrete.gr\"]}]}<\/script>\n<!-- \/ Yoast SEO plugin. -->","yoast_head_json":{"title":"Rennradverleih von Malia und Stalis - Cube Attain - jetzt buchen","robots":{"index":"index","follow":"follow","max-snippet":"max-snippet:-1","max-image-preview":"max-image-preview:large","max-video-preview":"max-video-preview:-1"},"canonical":"https:\/\/rentbikecrete.gr\/de\/produkt\/rennrad-cube-attain\/","og_locale":"de_DE","og_type":"article","og_title":"Rennradverleih von Malia und Stalis - Cube Attain - jetzt buchen","og_description":"Der Aluminiumrahmen und die Vollcarbongabel bieten Ihnen genau das richtige Ma\u00df an Tempo und Komfort, damit Sie so lange wie m\u00f6glich in Bestform fahren k\u00f6nnen. Schaltung Shimano 105, Shimano 105 Scheibenbremsen, 28 oder 32 mm Reifen. Kurbelgarnitur 34-50t, Kassette 11-34t","og_url":"https:\/\/rentbikecrete.gr\/de\/produkt\/rennrad-cube-attain\/","og_site_name":"Elektrofahrradverleih ab Stalis und Malia","article_publisher":"https:\/\/www.facebook.com\/travelincretecom","og_image":[{"width":1920,"height":1181,"url":"https:\/\/rentbikecrete.gr\/wp-content\/uploads\/2024\/06\/cube_attain_slx.jpg","type":"image\/jpeg"}],"twitter_card":"summary_large_image","schema":{"@context":"https:\/\/schema.org","@graph":[{"@type":"WebPage","@id":"https:\/\/rentbikecrete.gr\/de\/produkt\/rennrad-cube-attain\/","url":"https:\/\/rentbikecrete.gr\/de\/produkt\/rennrad-cube-attain\/","name":"Rennradverleih von Malia und Stalis - Cube Attain - jetzt buchen","isPartOf":{"@id":"https:\/\/rentbikecrete.gr\/de\/#website"},"primaryImageOfPage":{"@id":"https:\/\/rentbikecrete.gr\/de\/produkt\/rennrad-cube-attain\/#primaryimage"},"image":{"@id":"https:\/\/rentbikecrete.gr\/de\/produkt\/rennrad-cube-attain\/#primaryimage"},"thumbnailUrl":"https:\/\/rentbikecrete.gr\/wp-content\/uploads\/2024\/06\/cube_attain_slx.jpg","datePublished":"2024-06-26T09:29:32+00:00","breadcrumb":{"@id":"https:\/\/rentbikecrete.gr\/de\/produkt\/rennrad-cube-attain\/#breadcrumb"},"inLanguage":"de","potentialAction":[{"@type":"ReadAction","target":["https:\/\/rentbikecrete.gr\/de\/produkt\/rennrad-cube-attain\/"]}]},{"@type":"ImageObject","inLanguage":"de","@id":"https:\/\/rentbikecrete.gr\/de\/produkt\/rennrad-cube-attain\/#primaryimage","url":"https:\/\/rentbikecrete.gr\/wp-content\/uploads\/2024\/06\/cube_attain_slx.jpg","contentUrl":"https:\/\/rentbikecrete.gr\/wp-content\/uploads\/2024\/06\/cube_attain_slx.jpg","width":1920,"height":1181},{"@type":"BreadcrumbList","@id":"https:\/\/rentbikecrete.gr\/de\/produkt\/rennrad-cube-attain\/#breadcrumb","itemListElement":[{"@type":"ListItem","position":1,"name":"Home","item":"https:\/\/rentbikecrete.gr\/de\/"},{"@type":"ListItem","position":2,"name":"Shop","item":"https:\/\/rentbikecrete.gr\/de\/shop\/"},{"@type":"ListItem","position":3,"name":"Rennrad Cube Attain"}]},{"@type":"WebSite","@id":"https:\/\/rentbikecrete.gr\/de\/#website","url":"https:\/\/rentbikecrete.gr\/de\/","name":"Rent Bike Crete","description":"Fahrradverleih ab Stalis und Malia","publisher":{"@id":"https:\/\/rentbikecrete.gr\/de\/#organization"},"alternateName":"Bicycle Rental Crete","potentialAction":[{"@type":"SearchAction","target":{"@type":"EntryPoint","urlTemplate":"https:\/\/rentbikecrete.gr\/de\/?s={search_term_string}"},"query-input":{"@type":"PropertyValueSpecification","valueRequired":true,"valueName":"search_term_string"}}],"inLanguage":"de"},{"@type":"Organization","@id":"https:\/\/rentbikecrete.gr\/de\/#organization","name":"Rent Bike Crete by Travel in Crete","alternateName":"Travel in Crete","url":"https:\/\/rentbikecrete.gr\/de\/","logo":{"@type":"ImageObject","inLanguage":"de","@id":"https:\/\/rentbikecrete.gr\/de\/#\/schema\/logo\/image\/","url":"https:\/\/rentbikecrete.gr\/wp-content\/uploads\/2024\/06\/rent-bike-crete-logo.png","contentUrl":"https:\/\/rentbikecrete.gr\/wp-content\/uploads\/2024\/06\/rent-bike-crete-logo.png","width":359,"height":140,"caption":"Rent Bike Crete by Travel in Crete"},"image":{"@id":"https:\/\/rentbikecrete.gr\/de\/#\/schema\/logo\/image\/"},"sameAs":["https:\/\/www.facebook.com\/travelincretecom","https:\/\/www.tiktok.com\/@travelincrete.com","https:\/\/www.instagram.com\/travelincrete.gr"]}]}},"_links":{"self":[{"href":"https:\/\/rentbikecrete.gr\/de\/wp-json\/wp\/v2\/product\/14942","targetHints":{"allow":["GET"]}}],"collection":[{"href":"https:\/\/rentbikecrete.gr\/de\/wp-json\/wp\/v2\/product"}],"about":[{"href":"https:\/\/rentbikecrete.gr\/de\/wp-json\/wp\/v2\/types\/product"}],"wp:featuredmedia":[{"embeddable":true,"href":"https:\/\/rentbikecrete.gr\/de\/wp-json\/wp\/v2\/media\/14812"}],"wp:attachment":[{"href":"https:\/\/rentbikecrete.gr\/de\/wp-json\/wp\/v2\/media?parent=14942"}],"wp:term":[{"taxonomy":"product_brand","embeddable":true,"href":"https:\/\/rentbikecrete.gr\/de\/wp-json\/wp\/v2\/product_brand?post=14942"},{"taxonomy":"product_cat","embeddable":true,"href":"https:\/\/rentbikecrete.gr\/de\/wp-json\/wp\/v2\/product_cat?post=14942"},{"taxonomy":"product_tag","embeddable":true,"href":"https:\/\/rentbikecrete.gr\/de\/wp-json\/wp\/v2\/product_tag?post=14942"}],"curies":[{"name":"wp","href":"https:\/\/api.w.org\/{rel}","templated":true}]}}