{"id":14890,"date":"2024-06-28T12:02:15","date_gmt":"2024-06-28T09:02:15","guid":{"rendered":"https:\/\/rentbikecrete.gr\/?post_type=product&#038;p=14890"},"modified":"2024-06-28T12:05:25","modified_gmt":"2024-06-28T09:05:25","slug":"giant-trance-e-copy-copy-copy","status":"publish","type":"product","link":"https:\/\/rentbikecrete.gr\/de\/produkt\/giant-trance-e-copy-copy-copy\/","title":{"rendered":"Giant Trance E+ (Copy) (Copy) (Copy)"},"content":{"rendered":"<p>Schnellere Anstiege, l\u00e4ngere Schleifen, mehr Singletrail-Spa\u00df an jedem beliebigen Tag. Mit diesem leistungsstarken, spa\u00dfigen und leichtg\u00e4ngigen E-Bike k\u00f6nnen Sie Ihr Trailriding auf die n\u00e4chste Stufe heben. Akku 625wh.<\/p>\n","protected":false},"excerpt":{"rendered":"<p>Schnellere Anstiege, l\u00e4ngere Schleifen, mehr Singletrail-Spa\u00df an jedem beliebigen Tag. Mit diesem leistungsstarken, spa\u00dfigen und leichtg\u00e4ngigen E-Bike k\u00f6nnen Sie Ihr Trailriding auf die n\u00e4chste Stufe heben. Akku 625wh.<\/p>\n","protected":false},"featured_media":14888,"template":"","meta":[],"product_brand":[],"product_cat":[860,863,862],"product_tag":[932],"class_list":{"0":"post-14890","1":"product","2":"type-product","3":"status-publish","4":"has-post-thumbnail","6":"product_cat-fahrradverleih","7":"product_cat-mountainbike","8":"product_cat-mtb-de","9":"product_tag-cube-de","10":"description-off","12":"first","13":"instock","14":"shipping-taxable","15":"product-type-redq_rental"},"yoast_head":"<!-- This site is optimized with the Yoast SEO plugin v25.5 - https:\/\/yoast.com\/wordpress\/plugins\/seo\/ -->\n<title>Rennradverleih von Malia und Stalis - Giant Trance E+<\/title>\n<meta name=\"robots\" content=\"index, follow, max-snippet:-1, max-image-preview:large, max-video-preview:-1\" \/>\n<link rel=\"canonical\" href=\"https:\/\/rentbikecrete.gr\/de\/produkt\/giant-trance-e-copy-copy-copy\/\" \/>\n<meta property=\"og:locale\" content=\"de_DE\" \/>\n<meta property=\"og:type\" content=\"article\" \/>\n<meta property=\"og:title\" content=\"Rennradverleih von Malia und Stalis - Giant Trance E+\" \/>\n<meta property=\"og:description\" content=\"Schnellere Anstiege, l\u00e4ngere Schleifen, mehr Singletrail-Spa\u00df an jedem beliebigen Tag. Mit diesem leistungsstarken, spa\u00dfigen und leichtg\u00e4ngigen E-Bike k\u00f6nnen Sie Ihr Trailriding auf die n\u00e4chste Stufe heben. Akku 625wh.\" \/>\n<meta property=\"og:url\" content=\"https:\/\/rentbikecrete.gr\/de\/produkt\/giant-trance-e-copy-copy-copy\/\" \/>\n<meta property=\"og:site_name\" content=\"Elektrofahrradverleih ab Stalis und Malia\" \/>\n<meta property=\"article:publisher\" content=\"https:\/\/www.facebook.com\/travelincretecom\" \/>\n<meta property=\"article:modified_time\" content=\"2024-06-28T09:05:25+00:00\" \/>\n<meta property=\"og:image\" content=\"https:\/\/rentbikecrete.gr\/wp-content\/uploads\/2024\/06\/cube_hardtails.jpeg\" \/>\n\t<meta property=\"og:image:width\" content=\"1600\" \/>\n\t<meta property=\"og:image:height\" content=\"917\" \/>\n\t<meta property=\"og:image:type\" content=\"image\/jpeg\" \/>\n<meta name=\"twitter:card\" content=\"summary_large_image\" \/>\n<script type=\"application\/ld+json\" class=\"yoast-schema-graph\">{\"@context\":\"https:\/\/schema.org\",\"@graph\":[{\"@type\":\"WebPage\",\"@id\":\"https:\/\/rentbikecrete.gr\/de\/produkt\/giant-trance-e-copy-copy-copy\/\",\"url\":\"https:\/\/rentbikecrete.gr\/de\/produkt\/giant-trance-e-copy-copy-copy\/\",\"name\":\"Rennradverleih von Malia und Stalis - Giant Trance E+\",\"isPartOf\":{\"@id\":\"https:\/\/rentbikecrete.gr\/de\/#website\"},\"primaryImageOfPage\":{\"@id\":\"https:\/\/rentbikecrete.gr\/de\/produkt\/giant-trance-e-copy-copy-copy\/#primaryimage\"},\"image\":{\"@id\":\"https:\/\/rentbikecrete.gr\/de\/produkt\/giant-trance-e-copy-copy-copy\/#primaryimage\"},\"thumbnailUrl\":\"https:\/\/rentbikecrete.gr\/wp-content\/uploads\/2024\/06\/cube_hardtails.jpeg\",\"datePublished\":\"2024-06-28T09:02:15+00:00\",\"dateModified\":\"2024-06-28T09:05:25+00:00\",\"breadcrumb\":{\"@id\":\"https:\/\/rentbikecrete.gr\/de\/produkt\/giant-trance-e-copy-copy-copy\/#breadcrumb\"},\"inLanguage\":\"de\",\"potentialAction\":[{\"@type\":\"ReadAction\",\"target\":[\"https:\/\/rentbikecrete.gr\/de\/produkt\/giant-trance-e-copy-copy-copy\/\"]}]},{\"@type\":\"ImageObject\",\"inLanguage\":\"de\",\"@id\":\"https:\/\/rentbikecrete.gr\/de\/produkt\/giant-trance-e-copy-copy-copy\/#primaryimage\",\"url\":\"https:\/\/rentbikecrete.gr\/wp-content\/uploads\/2024\/06\/cube_hardtails.jpeg\",\"contentUrl\":\"https:\/\/rentbikecrete.gr\/wp-content\/uploads\/2024\/06\/cube_hardtails.jpeg\",\"width\":1600,\"height\":917},{\"@type\":\"BreadcrumbList\",\"@id\":\"https:\/\/rentbikecrete.gr\/de\/produkt\/giant-trance-e-copy-copy-copy\/#breadcrumb\",\"itemListElement\":[{\"@type\":\"ListItem\",\"position\":1,\"name\":\"Home\",\"item\":\"https:\/\/rentbikecrete.gr\/de\/\"},{\"@type\":\"ListItem\",\"position\":2,\"name\":\"Shop\",\"item\":\"https:\/\/rentbikecrete.gr\/de\/shop\/\"},{\"@type\":\"ListItem\",\"position\":3,\"name\":\"Giant Trance E+ (Copy) (Copy) (Copy)\"}]},{\"@type\":\"WebSite\",\"@id\":\"https:\/\/rentbikecrete.gr\/de\/#website\",\"url\":\"https:\/\/rentbikecrete.gr\/de\/\",\"name\":\"Rent Bike Crete\",\"description\":\"Fahrradverleih ab Stalis und Malia\",\"publisher\":{\"@id\":\"https:\/\/rentbikecrete.gr\/de\/#organization\"},\"alternateName\":\"Bicycle Rental Crete\",\"potentialAction\":[{\"@type\":\"SearchAction\",\"target\":{\"@type\":\"EntryPoint\",\"urlTemplate\":\"https:\/\/rentbikecrete.gr\/de\/?s={search_term_string}\"},\"query-input\":{\"@type\":\"PropertyValueSpecification\",\"valueRequired\":true,\"valueName\":\"search_term_string\"}}],\"inLanguage\":\"de\"},{\"@type\":\"Organization\",\"@id\":\"https:\/\/rentbikecrete.gr\/de\/#organization\",\"name\":\"Rent Bike Crete by Travel in Crete\",\"alternateName\":\"Travel in Crete\",\"url\":\"https:\/\/rentbikecrete.gr\/de\/\",\"logo\":{\"@type\":\"ImageObject\",\"inLanguage\":\"de\",\"@id\":\"https:\/\/rentbikecrete.gr\/de\/#\/schema\/logo\/image\/\",\"url\":\"https:\/\/rentbikecrete.gr\/wp-content\/uploads\/2024\/06\/rent-bike-crete-logo.png\",\"contentUrl\":\"https:\/\/rentbikecrete.gr\/wp-content\/uploads\/2024\/06\/rent-bike-crete-logo.png\",\"width\":359,\"height\":140,\"caption\":\"Rent Bike Crete by Travel in Crete\"},\"image\":{\"@id\":\"https:\/\/rentbikecrete.gr\/de\/#\/schema\/logo\/image\/\"},\"sameAs\":[\"https:\/\/www.facebook.com\/travelincretecom\",\"https:\/\/www.tiktok.com\/@travelincrete.com\",\"https:\/\/www.instagram.com\/travelincrete.gr\"]}]}<\/script>\n<!-- \/ Yoast SEO plugin. -->","yoast_head_json":{"title":"Rennradverleih von Malia und Stalis - Giant Trance E+","robots":{"index":"index","follow":"follow","max-snippet":"max-snippet:-1","max-image-preview":"max-image-preview:large","max-video-preview":"max-video-preview:-1"},"canonical":"https:\/\/rentbikecrete.gr\/de\/produkt\/giant-trance-e-copy-copy-copy\/","og_locale":"de_DE","og_type":"article","og_title":"Rennradverleih von Malia und Stalis - Giant Trance E+","og_description":"Schnellere Anstiege, l\u00e4ngere Schleifen, mehr Singletrail-Spa\u00df an jedem beliebigen Tag. Mit diesem leistungsstarken, spa\u00dfigen und leichtg\u00e4ngigen E-Bike k\u00f6nnen Sie Ihr Trailriding auf die n\u00e4chste Stufe heben. Akku 625wh.","og_url":"https:\/\/rentbikecrete.gr\/de\/produkt\/giant-trance-e-copy-copy-copy\/","og_site_name":"Elektrofahrradverleih ab Stalis und Malia","article_publisher":"https:\/\/www.facebook.com\/travelincretecom","article_modified_time":"2024-06-28T09:05:25+00:00","og_image":[{"width":1600,"height":917,"url":"https:\/\/rentbikecrete.gr\/wp-content\/uploads\/2024\/06\/cube_hardtails.jpeg","type":"image\/jpeg"}],"twitter_card":"summary_large_image","schema":{"@context":"https:\/\/schema.org","@graph":[{"@type":"WebPage","@id":"https:\/\/rentbikecrete.gr\/de\/produkt\/giant-trance-e-copy-copy-copy\/","url":"https:\/\/rentbikecrete.gr\/de\/produkt\/giant-trance-e-copy-copy-copy\/","name":"Rennradverleih von Malia und Stalis - Giant Trance E+","isPartOf":{"@id":"https:\/\/rentbikecrete.gr\/de\/#website"},"primaryImageOfPage":{"@id":"https:\/\/rentbikecrete.gr\/de\/produkt\/giant-trance-e-copy-copy-copy\/#primaryimage"},"image":{"@id":"https:\/\/rentbikecrete.gr\/de\/produkt\/giant-trance-e-copy-copy-copy\/#primaryimage"},"thumbnailUrl":"https:\/\/rentbikecrete.gr\/wp-content\/uploads\/2024\/06\/cube_hardtails.jpeg","datePublished":"2024-06-28T09:02:15+00:00","dateModified":"2024-06-28T09:05:25+00:00","breadcrumb":{"@id":"https:\/\/rentbikecrete.gr\/de\/produkt\/giant-trance-e-copy-copy-copy\/#breadcrumb"},"inLanguage":"de","potentialAction":[{"@type":"ReadAction","target":["https:\/\/rentbikecrete.gr\/de\/produkt\/giant-trance-e-copy-copy-copy\/"]}]},{"@type":"ImageObject","inLanguage":"de","@id":"https:\/\/rentbikecrete.gr\/de\/produkt\/giant-trance-e-copy-copy-copy\/#primaryimage","url":"https:\/\/rentbikecrete.gr\/wp-content\/uploads\/2024\/06\/cube_hardtails.jpeg","contentUrl":"https:\/\/rentbikecrete.gr\/wp-content\/uploads\/2024\/06\/cube_hardtails.jpeg","width":1600,"height":917},{"@type":"BreadcrumbList","@id":"https:\/\/rentbikecrete.gr\/de\/produkt\/giant-trance-e-copy-copy-copy\/#breadcrumb","itemListElement":[{"@type":"ListItem","position":1,"name":"Home","item":"https:\/\/rentbikecrete.gr\/de\/"},{"@type":"ListItem","position":2,"name":"Shop","item":"https:\/\/rentbikecrete.gr\/de\/shop\/"},{"@type":"ListItem","position":3,"name":"Giant Trance E+ (Copy) (Copy) (Copy)"}]},{"@type":"WebSite","@id":"https:\/\/rentbikecrete.gr\/de\/#website","url":"https:\/\/rentbikecrete.gr\/de\/","name":"Rent Bike Crete","description":"Fahrradverleih ab Stalis und Malia","publisher":{"@id":"https:\/\/rentbikecrete.gr\/de\/#organization"},"alternateName":"Bicycle Rental Crete","potentialAction":[{"@type":"SearchAction","target":{"@type":"EntryPoint","urlTemplate":"https:\/\/rentbikecrete.gr\/de\/?s={search_term_string}"},"query-input":{"@type":"PropertyValueSpecification","valueRequired":true,"valueName":"search_term_string"}}],"inLanguage":"de"},{"@type":"Organization","@id":"https:\/\/rentbikecrete.gr\/de\/#organization","name":"Rent Bike Crete by Travel in Crete","alternateName":"Travel in Crete","url":"https:\/\/rentbikecrete.gr\/de\/","logo":{"@type":"ImageObject","inLanguage":"de","@id":"https:\/\/rentbikecrete.gr\/de\/#\/schema\/logo\/image\/","url":"https:\/\/rentbikecrete.gr\/wp-content\/uploads\/2024\/06\/rent-bike-crete-logo.png","contentUrl":"https:\/\/rentbikecrete.gr\/wp-content\/uploads\/2024\/06\/rent-bike-crete-logo.png","width":359,"height":140,"caption":"Rent Bike Crete by Travel in Crete"},"image":{"@id":"https:\/\/rentbikecrete.gr\/de\/#\/schema\/logo\/image\/"},"sameAs":["https:\/\/www.facebook.com\/travelincretecom","https:\/\/www.tiktok.com\/@travelincrete.com","https:\/\/www.instagram.com\/travelincrete.gr"]}]}},"_links":{"self":[{"href":"https:\/\/rentbikecrete.gr\/de\/wp-json\/wp\/v2\/product\/14890","targetHints":{"allow":["GET"]}}],"collection":[{"href":"https:\/\/rentbikecrete.gr\/de\/wp-json\/wp\/v2\/product"}],"about":[{"href":"https:\/\/rentbikecrete.gr\/de\/wp-json\/wp\/v2\/types\/product"}],"wp:featuredmedia":[{"embeddable":true,"href":"https:\/\/rentbikecrete.gr\/de\/wp-json\/wp\/v2\/media\/14888"}],"wp:attachment":[{"href":"https:\/\/rentbikecrete.gr\/de\/wp-json\/wp\/v2\/media?parent=14890"}],"wp:term":[{"taxonomy":"product_brand","embeddable":true,"href":"https:\/\/rentbikecrete.gr\/de\/wp-json\/wp\/v2\/product_brand?post=14890"},{"taxonomy":"product_cat","embeddable":true,"href":"https:\/\/rentbikecrete.gr\/de\/wp-json\/wp\/v2\/product_cat?post=14890"},{"taxonomy":"product_tag","embeddable":true,"href":"https:\/\/rentbikecrete.gr\/de\/wp-json\/wp\/v2\/product_tag?post=14890"}],"curies":[{"name":"wp","href":"https:\/\/api.w.org\/{rel}","templated":true}]}}